{"id":16187,"date":"2025-10-29T23:19:04","date_gmt":"2025-10-29T22:19:04","guid":{"rendered":"https:\/\/canitasveterinaria.com\/medicina-preventiva-felina\/"},"modified":"2026-03-11T12:28:26","modified_gmt":"2026-03-11T11:28:26","slug":"medicina-preventiva-felina","status":"publish","type":"page","link":"https:\/\/canitasveterinaria.com\/ca\/medicina-preventiva-felina\/","title":{"rendered":"Medicina preventiva felina"},"content":{"rendered":"\t\t<div data-elementor-type=\"wp-page\" data-elementor-id=\"16187\" class=\"elementor elementor-16187 elementor-15065\" data-elementor-post-type=\"page\">\n\t\t\t\t        <section class=\"elementor-section elementor-top-section elementor-element elementor-element-7f8a6f4 elementor-section-boxed elementor-section-height-default elementor-section-height-default pxl-row-scroll-none pxl-zoom-point-false pxl-section-overflow-visible pxl-section-fix-none pxl-bg-color-none pxl-section-overlay-none\" data-id=\"7f8a6f4\" data-element_type=\"section\" data-e-type=\"section\">\n\n                \n                <div class=\"elementor-container elementor-column-gap-extended \">\n                <div class=\"elementor-column elementor-col-100 elementor-top-column elementor-element elementor-element-dd16058 pxl-column-none pxl-column-overflow-hidden-no\" data-id=\"dd16058\" data-element_type=\"column\" data-e-type=\"column\">\r\n        <div class=\"elementor-widget-wrap elementor-element-populated\">\r\n                     \r\n                <section class=\"elementor-section elementor-inner-section elementor-element elementor-element-68325b9 elementor-section-boxed elementor-section-height-default elementor-section-height-default pxl-row-scroll-none pxl-zoom-point-false pxl-section-overflow-visible pxl-section-fix-none pxl-bg-color-none pxl-section-overlay-none\" data-id=\"68325b9\" data-element_type=\"section\" data-e-type=\"section\">\n\n                \n                <div class=\"elementor-container elementor-column-gap-default \">\n                <div class=\"elementor-column elementor-col-100 elementor-inner-column elementor-element elementor-element-7941413 pxl-column-none pxl-column-overflow-hidden-no\" data-id=\"7941413\" data-element_type=\"column\" data-e-type=\"column\">\r\n        <div class=\"elementor-widget-wrap elementor-element-populated\">\r\n                     \r\n        \t\t<div class=\"elementor-element elementor-element-8b954da elementor-widget elementor-widget-pxl_heading\" data-id=\"8b954da\" data-element_type=\"widget\" data-e-type=\"widget\" data-widget_type=\"pxl_heading.default\">\n\t\t\t\t<div class=\"elementor-widget-container\">\n\t\t\t\t\t\n<div id=\"pxl-pxl_heading-8b954da-1455\" class=\"pxl-heading px-sub-title-shape5-style \">\n\t<div class=\"pxl-heading--inner\">\n\t\t\n\t\t<h3 class=\"pxl-item--title style-default highlight-default pxl-split-text split-in-fade\" data-wow-delay=\"200ms\">\n\n\t\t\t<span class=\"pxl-heading--text\">\n\n\t\t\t\t\t\t\t\t\tMEDICINA PREVENTIVA FELINA\t\n\t\t\t\t\t\n\n\t\t\t<\/span>\n\t\t<\/h3>\n\t\t\t<\/div>\n<\/div>\t\t\t\t<\/div>\n\t\t\t\t<\/div>\n\t\t\t\t<div class=\"elementor-element elementor-element-a231b81 elementor-widget__width-initial elementor-widget elementor-widget-pxl_text_editor\" data-id=\"a231b81\" data-element_type=\"widget\" data-e-type=\"widget\" data-widget_type=\"pxl_text_editor.default\">\n\t\t\t\t<div class=\"elementor-widget-container\">\n\t\t\t\t\t<div class=\"pxl-text-editor highlight-gradient\">\n\t<div class=\"pxl-item--inner wow fadeIn \" data-wow-delay=\"300ms\">\n\t\t<p>En Canitas Veterinaria somos especialistas en medicina veterinaria felina y ofrecemos un completo programa de medicina preventiva adaptada a cada estilo de vida y edad.<br \/>Garantizamos su bienestar y disponemos de consultas, sala de espera y hospitalizaci\u00f3n adaptadas a nuestros pacientes felinos.<br \/>Tambi\u00e9n cuidamos el tipo de luz, la insonorizaci\u00f3n y las feromonas, haci\u00e9ndoles sentir como en casa y logrando que su estancia sea lo m\u00e1s agradable posible.<\/p><hr \/><h3>\u00a0<\/h3><h3><strong>GATO CACHORRO<\/strong><\/h3><p>Adecuado para gatitos en sus primeros meses de vida, este plan garantiza una asistencia integral que cubra todas sus necesidades para que crezcan sanos y felices.<\/p><p><strong>PLAN VACUNAL<\/strong><br \/>Las vacunas proporcionan los anticuerpos necesarios para luchar contra las enfermedades comunes de los felinos, convirti\u00e9ndose en una herramienta fundamental de prevenci\u00f3n para mantener el buen estado de salud de nuestro gato.<br \/>Previo a la vacunaci\u00f3n, es necesario realizar los tests <strong>(NO INCLUIDOS EN CUOTA)<\/strong> de Leucemia e Inmunodeficiencia Felina y desparasitarlos, ya que una infestaci\u00f3n parasitaria puede interferir con la eficacia de las vacunas. En Canitas, nuestros especialistas en medicina felina valorar\u00e1n y pautar\u00e1n el plan vacunal de tu mascota adaptado a su estilo de vida y a su edad.<\/p><p><strong>El plan vacunal consiste en:<\/strong><br \/><strong>Plan Indoor (sin acceso al exterior):<\/strong><br \/>\u2022 <em>Gatitos menores de 3 meses:<br \/><\/em>Test de leucemia e inmunodeficiencia <strong>NO INCLUIDOS EN CUOTA<\/strong><br \/>Vacuna trivalente (3 dosis)<strong> INCLUIDAS EN CUOTA<br \/><\/strong>Microchip y pasaporte <strong>INCLUIDOS EN CUOTA<\/strong><br \/>2 dosis de rabia<strong>\u00a0INCLUIDAS EN CUOTA<\/strong><br \/><br \/>\u2022 <em>Gatitos mayores de 3 meses:<br \/><\/em>Test de leucemia e inmunodeficiencia <strong>NO INCLUIDOS EN CUOTA<\/strong><br \/>Vacuna trivalente (2 dosis)<strong> INCLUIDAS EN CUOTA<br \/><\/strong>Microchip y pasaporte <strong>INCLUIDOS EN CUOTA<\/strong><br \/>2 dosis de rabia<strong>\u00a0INCLUIDAS EN CUOTA<\/strong><\/p><p><strong>Plan Outdoor (con acceso al exterior y posible contacto con otros gatos):<\/strong><br \/>\u2022 <em>Gatitos menores de 3 meses:<br \/>Test de leucemia e inmunodeficiencia <strong>NO INCLUIDOS EN CUOTA<\/strong><br \/>Vacuna trivalente + leucemia (2 dosis)<strong> INCLUIDAS EN CUOTA<br \/><\/strong>Microchip y pasaporte <strong>INCLUIDOS EN CUOTA<\/strong><br \/>2 dosis de rabia<strong>\u00a0INCLUIDAS EN CUOTA<\/strong><br \/><\/em><br \/>\u2022 <em>Gatitos mayores de 3 meses:<br \/><\/em><em>Test de leucemia e inmunodeficiencia <strong>NO INCLUIDOS EN CUOTA<\/strong><br \/>Vacuna trivalente + leucemia (2 dosis)<strong> INCLUIDAS EN CUOTA<br \/><\/strong>Microchip y pasaporte <strong>INCLUIDOS EN CUOTA<\/strong><br \/>2 dosis de rabia<strong>\u00a0INCLUIDAS EN CUOTA<\/strong><\/em><\/p><p><strong>PLAN DESPARASITACI\u00d3N<\/strong><br \/>La desparasitaci\u00f3n es esencial para proteger la salud de los gatos y de quienes los rodean, siendo una medida preventiva b\u00e1sica para mantenerlos sanos.<\/p><p><strong>El plan consiste en:<\/strong><br \/><strong>Gatitos Indoor (sin acceso al exterior):<\/strong><br \/>\u2022 Desparasitaci\u00f3n interna: a partir del 1,5 mes de vida, repetir cada 6 meses. <strong>INCLUIDO EN CUOTA<\/strong><br \/>\u2022 Desparasitaci\u00f3n externa: a partir del 1,5 mes de vida, repetir cada 6 meses. <strong>NO INCLUIDO EN CUOTA<\/strong><\/p><p><strong>Gatitos Outdoor (con acceso al exterior):<\/strong><br \/>\u2022 Desparasitaci\u00f3n interna: a partir del 1,5 mes de vida, repetir cada 3 meses. <strong>2 DESPARASITACIONES INTERNAS INCLUIDAS EN CUOTA POR CADA A\u00d1O DE CONTRATO<\/strong><br \/>\u2022 Desparasitaci\u00f3n externa: a partir del 1,5 mes de vida, repetir cada mes. <strong>NO INCLUIDO EN CUOTA<\/strong><\/p><p>Nuestros especialistas en medicina felina te asesorar\u00e1n sobre el producto antiparasitario m\u00e1s adecuado seg\u00fan el estilo de vida de tu mascota.<\/p><p><strong>PLAN ESTERILIZACI\u00d3N<\/strong><br \/>La esterilizaci\u00f3n es un acto de tenencia responsable que evita problemas de salud y de comportamiento. Se recomienda realizarla antes de la madurez sexual: machos entre los 5-7 meses y hembras entre los 6-8 meses.<\/p><p><strong>Ventajas:<\/strong><br \/>\u2022 Previene infecciones y tumores.<br \/>\u2022 Mejora la calidad de vida.<br \/>\u2022 Evita el marcaje y el olor fuerte de la orina.<br \/>\u2022 Reduce los maullidos durante el celo.<br \/>\u2022 Disminuye conductas agresivas.<br \/>\u2022 Evita fugas prolongadas del hogar.<\/p><p><strong>PLAN NUTRICI\u00d3N<\/strong><br \/>La alimentaci\u00f3n debe cubrir todas sus necesidades nutricionales para garantizar un desarrollo saludable y prevenir enfermedades. El equipo de veterinarios de Canitas te asesorar\u00e1 de forma personalizada seg\u00fan la etapa de crecimiento y el estilo de vida del gato.<\/p><p><strong>El plan consiste en:<\/strong><br \/>\u2022 Asesoramiento nutricional personalizado.<br \/>\u2022 Control del crecimiento.<br \/><strong>INCLUIDO EN CUOTA<\/strong><\/p><p><strong>PLAN DE SALUD BUCODENTAL<\/strong><br \/>Cuidar la salud bucal desde cachorros es fundamental, ya que los gatos tienden a la formaci\u00f3n de placa que puede derivar en sarro, mal aliento y enfermedades en las enc\u00edas.<\/p><p><strong>El plan consiste en:<\/strong><br \/>\u2022 Revisi\u00f3n bucodental.<br \/>\u2022 Asesoramiento veterinario para mantener una boca sana.<br \/><strong>INCLUIDO EN CUOTA<\/strong><\/p><p><strong>REVISIONES PERI\u00d3DICAS<\/strong><br \/>Las revisiones peri\u00f3dicas son la mejor herramienta preventiva para que tu gato lleve una vida m\u00e1s larga, feliz y saludable.<\/p><p><strong>En cada revisi\u00f3n valoramos:<\/strong><br \/>\u2022 Examen f\u00edsico completo.<br \/>\u2022 Recordatorio del plan vacunal y la desparasitaci\u00f3n.<br \/>\u2022 Control del crecimiento.<br \/>\u2022 Revisi\u00f3n bucodental.<br \/><strong>INCLUIDAS EN CUOTA<\/strong><\/p><hr \/><h3>\u00a0<\/h3><h3><strong>GATO ADULTO<\/strong><\/h3><p>Si tu gato ya es adulto, este plan ofrece los servicios veterinarios necesarios para mantenerlo sano y fuerte.<\/p><p><strong>PLAN VACUNAL<\/strong><br \/>La vacunaci\u00f3n anual mantiene el sistema inmunitario en perfecto estado, evitando contagios de enfermedades infecciosas.<br \/><strong>El plan consiste en:<\/strong><br \/>\u2022 Vacuna pentavalente.<br \/>\u2022 Vacuna de rabia.<br \/><strong>INCLUIDO EN CUOTA<\/strong><\/p><p><strong>PLAN DESPARASITACI\u00d3N<\/strong><br \/>La desparasitaci\u00f3n peri\u00f3dica protege la salud y el bienestar de los gatos adultos, evitando enfermedades y contagios. En Canitas te recomendamos la frecuencia y tipo de producto m\u00e1s adecuados seg\u00fan su estilo de vida.<\/p><p><strong>El plan incluye:<\/strong><br \/>\u2022 Desparasitaci\u00f3n interna: cada 3 meses. <strong>2 DESPARASITACIONES INTERNAS INCLUIDAS EN CUOTA POR CADA A\u00d1O DE CONTRATO<\/strong><br \/>\u2022 Desparasitaci\u00f3n externa: seg\u00fan producto y criterio veterinario. <strong>NO INCLUIDO EN CUOTA<\/strong><\/p><p><strong>PLAN DE ESTERILIZACI\u00d3N \/ CASTRACI\u00d3N<\/strong><br \/>La esterilizaci\u00f3n mejora la calidad de vida y aumenta la esperanza de vida de los gatos.<\/p><p><strong>Ventajas:<\/strong><br \/>\u2022 Previene infecciones y tumores.<br \/>\u2022 Evita el marcaje y el olor fuerte de la orina.<br \/>\u2022 Reduce la agresividad.<br \/>\u2022 Disminuye las fugas prolongadas.<\/p><p><strong>PLAN NUTRICI\u00d3N<\/strong><br \/>Una alimentaci\u00f3n adecuada protege la salud durante la etapa adulta. En Canitas ofrecemos asesoramiento personalizado seg\u00fan condici\u00f3n corporal y estado de salud.<\/p><p><strong>El plan consiste en:<\/strong><br \/>\u2022 Asesoramiento nutricional personalizado.<br \/>\u2022 Control de peso.<br \/><strong>INCLUIDO EN CUOTA<\/strong><\/p><p><strong>PLAN DE SALUD BUCODENTAL<\/strong><br \/>El cuidado bucodental garantiza bienestar y previene enfermedades graves.<\/p><p><strong>El plan consiste en:<\/strong><br \/>\u2022 Revisiones bucodentales.<br \/>\u2022 Limpieza con ultrasonidos si el veterinario lo considera necesario.<br \/><strong>INCLUIDO EN CUOTA<\/strong><\/p><p><strong>REVISIONES<\/strong><br \/>Las revisiones peri\u00f3dicas garantizan el bienestar en cada etapa vital.<\/p><p><strong>En cada revisi\u00f3n valoramos:<\/strong><br \/>\u2022 Examen f\u00edsico completo.<br \/>\u2022 Recordatorio del plan vacunal y la desparasitaci\u00f3n.<br \/>\u2022 Control de peso.<br \/>\u2022 Revisi\u00f3n bucodental.<br \/>\u2022 Anal\u00edtica sangu\u00ednea completa.<br \/>\u2022 Anal\u00edtica de orina.<br \/><strong>INCLUIDO EN CUOTA<\/strong><\/p><hr \/><h3>\u00a0<\/h3><h3><strong>GATO SENIOR<\/strong><\/h3><p>\u00a1Enhorabuena a todos los propietarios de un amigo felino senior! Esto significa que hab\u00e9is cuidado su salud y \u00e9l os ha regalado mucho cari\u00f1o. En Canitas ofrecemos un plan de prevenci\u00f3n espec\u00edfico para esta etapa.<\/p><p><strong>PLAN VACUNAL<\/strong><br \/>El sistema inmune de los gatos senior es m\u00e1s vulnerable, por lo que mantener la vacunaci\u00f3n es esencial.<br \/><strong>El plan consiste en:<\/strong><br \/>\u2022 Vacuna pentavalente.<br \/>\u2022 Vacuna de rabia.<br \/><strong>INCLUIDO EN CUOTA<\/strong><\/p><p><strong>PLAN DESPARASITACI\u00d3N<\/strong><br \/>Debe mantenerse en todas las etapas para proteger la salud. El veterinario determinar\u00e1 la frecuencia y el tipo de producto m\u00e1s adecuado.<br \/><strong>El plan consiste en:<\/strong><br \/>\u2022 Desparasitaci\u00f3n interna: cada 3 meses. <strong>2 DESPARASITACIONES INTERNAS INCLUIDAS EN CUOTA POR CADA A\u00d1O DE CONTRATO<\/strong><br \/>\u2022 Desparasitaci\u00f3n externa: frecuencia seg\u00fan producto y criterio veterinario.<br \/><strong>NO INCLUIDO EN CUOTA<\/strong><\/p><p><strong>PLAN DE ESTERILIZACI\u00d3N \/ CASTRACI\u00d3N<\/strong><br \/>La esterilizaci\u00f3n mejora la calidad y esperanza de vida del gato senior.<\/p><p><strong>Ventajas:<\/strong><br \/>\u2022 Previene infecciones y tumores.<br \/>\u2022 Evita el marcaje y el olor fuerte de la orina.<br \/>\u2022 Reduce la agresividad.<br \/>\u2022 Disminuye las fugas del hogar.<\/p><p><strong>PLAN NUTRICI\u00d3N<\/strong><br \/>Una alimentaci\u00f3n de alta calidad, adaptada a las necesidades de la edad, mejora la calidad de vida y el bienestar.<br \/><strong>El plan consiste en:<\/strong><br \/>\u2022 Asesoramiento nutricional personalizado.<br \/>\u2022 Control de peso.<br \/><strong>INCLUIDO EN CUOTA<\/strong><\/p><p><strong>PLAN DE SALUD BUCODENTAL<\/strong><br \/>Cuidar la boca en esta etapa evita enfermedades que pueden comprometer la salud general y causar p\u00e9rdida de piezas dentales.<br \/><strong>El plan consiste en:<\/strong><br \/>\u2022 Revisiones bucodentales.<br \/>\u2022 Limpieza con ultrasonidos si el veterinario lo considera necesario.<br \/><strong>INCLUIDO EN CUOTA<\/strong><\/p><p><strong>REVISIONES<\/strong><br \/>En esta edad las revisiones cobran especial importancia para garantizar una vida larga y plena.<\/p><p><strong>En cada revisi\u00f3n valoramos:<\/strong><br \/>\u2022 Examen f\u00edsico completo.<br \/>\u2022 Recordatorio del plan vacunal y la desparasitaci\u00f3n.<br \/>\u2022 Control de peso.<br \/>\u2022 Revisi\u00f3n bucodental.<br \/>\u2022 Anal\u00edtica sangu\u00ednea completa.<br \/>\u2022 Anal\u00edtica de orina.<br \/>\u2022 Consulta de cardiolog\u00eda.<br \/><strong>INCLUIDO EN CUOTA<\/strong><\/p><p>Informaci\u00f3n actualizada 09\/03\/2026<\/p>\t\t\n\t<\/div>\n<\/div>\t\t\t\t<\/div>\n\t\t\t\t<\/div>\n\t\t            <\/div>\r\n        <\/div>\r\n        \t\t\t<\/div>\n\t\t<\/section>\n\t\t            <\/div>\r\n        <\/div>\r\n        \t\t\t<\/div>\n\t\t<\/section>\n\t\t<div class=\"elementor-element elementor-element-5cc0078 e-flex e-con-boxed e-con e-parent \" data-id=\"5cc0078\" data-element_type=\"container\" data-e-type=\"container\">\t\t\t<div class=\"e-con-inner\">\r\n\t\t\t\t<div class=\"elementor-element elementor-element-dc2b6b8 elementor-align-center elementor-widget elementor-widget-pxl_button\" data-id=\"dc2b6b8\" data-element_type=\"widget\" data-e-type=\"widget\" data-widget_type=\"pxl_button.default\">\n\t\t\t\t<div class=\"elementor-widget-container\">\n\t\t\t\t\t<div id=\"pxl-pxl_button-dc2b6b8-1411\" class=\"pxl-button pxl-atc-link \" data-wow-delay=\"ms\">\r\n    <a href=\"https:\/\/canitasveterinaria.com\/medicina-general-y-preventiva\/\" class=\"btn pxl-icon-active btn-block-inline  btn-default pxl-icon--left\">\r\n                <span class=\"pxl--btn-text\" data-text=\"VOLVER\">\r\n            VOLVER            <span class=\"pxl-button--subtitle pxl-empty\"><\/span>       \r\n        <\/span>\r\n\r\n    <\/a>\r\n<\/div>\r\n\t\t\t\t<\/div>\n\t\t\t\t<\/div>\n\t\t\t\t\t<\/div>\r\n\t\t\t\t<\/div>\r\n\t\t\t\t<\/div>\n\t\t","protected":false},"excerpt":{"rendered":"<p>MEDICINA PREVENTIVA FELINA En Canitas Veterinaria somos especialistas en medicina veterinaria felina y ofrecemos un completo programa de medicina preventiva adaptada a cada estilo de vida y edad.Garantizamos su bienestar y disponemos de consultas, sala de espera y hospitalizaci\u00f3n adaptadas a nuestros pacientes felinos.Tambi\u00e9n cuidamos el tipo de luz, la insonorizaci\u00f3n y las feromonas, haci\u00e9ndoles [&hellip;]<\/p>\n","protected":false},"author":5,"featured_media":0,"parent":0,"menu_order":0,"comment_status":"closed","ping_status":"closed","template":"","meta":{"footnotes":""},"class_list":["post-16187","page","type-page","status-publish","hentry"],"yoast_head":"<!-- This site is optimized with the Yoast SEO plugin v27.2 - https:\/\/yoast.com\/product\/yoast-seo-wordpress\/ -->\n<title>Medicina preventiva felina - Canitas Veterinaria<\/title>\n<meta name=\"description\" content=\"El prop\u00f2sit de Canitas \u00e9s tenir cura de la salut de la teva mascota i mantenir-te informat en tot moment de tot all\u00f2 que l&#039;afecti\" \/>\n<meta name=\"robots\" content=\"index, follow, max-snippet:-1, max-image-preview:large, max-video-preview:-1\" \/>\n<link rel=\"canonical\" href=\"https:\/\/canitasveterinaria.com\/ca\/medicina-preventiva-felina\/\" \/>\n<meta property=\"og:locale\" content=\"ca_ES\" \/>\n<meta property=\"og:type\" content=\"article\" \/>\n<meta property=\"og:title\" content=\"Medicina preventiva felina - Canitas Veterinaria\" \/>\n<meta property=\"og:description\" content=\"El prop\u00f2sit de Canitas \u00e9s tenir cura de la salut de la teva mascota i mantenir-te informat en tot moment de tot all\u00f2 que l&#039;afecti\" \/>\n<meta property=\"og:url\" content=\"https:\/\/canitasveterinaria.com\/ca\/medicina-preventiva-felina\/\" \/>\n<meta property=\"og:site_name\" content=\"Canitas Veterinaria\" \/>\n<meta property=\"article:publisher\" content=\"https:\/\/www.facebook.com\/canitasveterinaria\/\" \/>\n<meta property=\"article:modified_time\" content=\"2026-03-11T11:28:26+00:00\" \/>\n<meta name=\"twitter:card\" content=\"summary_large_image\" \/>\n<meta name=\"twitter:site\" content=\"@canitasvt\" \/>\n<meta name=\"twitter:label1\" content=\"Temps estimat de lectura\" \/>\n\t<meta name=\"twitter:data1\" content=\"6 minuts\" \/>\n<!-- \/ Yoast SEO plugin. -->","yoast_head_json":{"title":"Medicina preventiva felina - Canitas Veterinaria","description":"El prop\u00f2sit de Canitas \u00e9s tenir cura de la salut de la teva mascota i mantenir-te informat en tot moment de tot all\u00f2 que l'afecti","robots":{"index":"index","follow":"follow","max-snippet":"max-snippet:-1","max-image-preview":"max-image-preview:large","max-video-preview":"max-video-preview:-1"},"canonical":"https:\/\/canitasveterinaria.com\/ca\/medicina-preventiva-felina\/","og_locale":"ca_ES","og_type":"article","og_title":"Medicina preventiva felina - Canitas Veterinaria","og_description":"El prop\u00f2sit de Canitas \u00e9s tenir cura de la salut de la teva mascota i mantenir-te informat en tot moment de tot all\u00f2 que l'afecti","og_url":"https:\/\/canitasveterinaria.com\/ca\/medicina-preventiva-felina\/","og_site_name":"Canitas Veterinaria","article_publisher":"https:\/\/www.facebook.com\/canitasveterinaria\/","article_modified_time":"2026-03-11T11:28:26+00:00","twitter_card":"summary_large_image","twitter_site":"@canitasvt","twitter_misc":{"Temps estimat de lectura":"6 minuts"},"schema":{"@context":"https:\/\/schema.org","@graph":[{"@type":"WebPage","@id":"https:\/\/canitasveterinaria.com\/ca\/medicina-preventiva-felina\/","url":"https:\/\/canitasveterinaria.com\/ca\/medicina-preventiva-felina\/","name":"Medicina preventiva felina - Canitas Veterinaria","isPartOf":{"@id":"https:\/\/canitasveterinaria.com\/ca\/#website"},"datePublished":"2025-10-29T22:19:04+00:00","dateModified":"2026-03-11T11:28:26+00:00","description":"El prop\u00f2sit de Canitas \u00e9s tenir cura de la salut de la teva mascota i mantenir-te informat en tot moment de tot all\u00f2 que l'afecti","breadcrumb":{"@id":"https:\/\/canitasveterinaria.com\/ca\/medicina-preventiva-felina\/#breadcrumb"},"inLanguage":"ca","potentialAction":[{"@type":"ReadAction","target":["https:\/\/canitasveterinaria.com\/ca\/medicina-preventiva-felina\/"]}]},{"@type":"BreadcrumbList","@id":"https:\/\/canitasveterinaria.com\/ca\/medicina-preventiva-felina\/#breadcrumb","itemListElement":[{"@type":"ListItem","position":1,"name":"Portada","item":"https:\/\/canitasveterinaria.com\/ca\/"},{"@type":"ListItem","position":2,"name":"Medicina preventiva felina"}]},{"@type":"WebSite","@id":"https:\/\/canitasveterinaria.com\/ca\/#website","url":"https:\/\/canitasveterinaria.com\/ca\/","name":"Canitas Veterinaria","description":"La seguretat social de la teva mascota","publisher":{"@id":"https:\/\/canitasveterinaria.com\/ca\/#organization"},"potentialAction":[{"@type":"SearchAction","target":{"@type":"EntryPoint","urlTemplate":"https:\/\/canitasveterinaria.com\/ca\/?s={search_term_string}"},"query-input":{"@type":"PropertyValueSpecification","valueRequired":true,"valueName":"search_term_string"}}],"inLanguage":"ca"},{"@type":"Organization","@id":"https:\/\/canitasveterinaria.com\/ca\/#organization","name":"Canitas Veterinaria","url":"https:\/\/canitasveterinaria.com\/ca\/","logo":{"@type":"ImageObject","inLanguage":"ca","@id":"https:\/\/canitasveterinaria.com\/ca\/#\/schema\/logo\/image\/","url":"https:\/\/canitasveterinaria.com\/wp-content\/uploads\/2025\/10\/cropped-favicon-canitas.png","contentUrl":"https:\/\/canitasveterinaria.com\/wp-content\/uploads\/2025\/10\/cropped-favicon-canitas.png","width":512,"height":512,"caption":"Canitas Veterinaria"},"image":{"@id":"https:\/\/canitasveterinaria.com\/ca\/#\/schema\/logo\/image\/"},"sameAs":["https:\/\/www.facebook.com\/canitasveterinaria\/","https:\/\/x.com\/canitasvt","https:\/\/www.instagram.com\/canitasveterinaria\/","https:\/\/www.youtube.com\/@Canitas_Veterinaria"]}]}},"_links":{"self":[{"href":"https:\/\/canitasveterinaria.com\/ca\/wp-json\/wp\/v2\/pages\/16187","targetHints":{"allow":["GET"]}}],"collection":[{"href":"https:\/\/canitasveterinaria.com\/ca\/wp-json\/wp\/v2\/pages"}],"about":[{"href":"https:\/\/canitasveterinaria.com\/ca\/wp-json\/wp\/v2\/types\/page"}],"author":[{"embeddable":true,"href":"https:\/\/canitasveterinaria.com\/ca\/wp-json\/wp\/v2\/users\/5"}],"replies":[{"embeddable":true,"href":"https:\/\/canitasveterinaria.com\/ca\/wp-json\/wp\/v2\/comments?post=16187"}],"version-history":[{"count":4,"href":"https:\/\/canitasveterinaria.com\/ca\/wp-json\/wp\/v2\/pages\/16187\/revisions"}],"predecessor-version":[{"id":17853,"href":"https:\/\/canitasveterinaria.com\/ca\/wp-json\/wp\/v2\/pages\/16187\/revisions\/17853"}],"wp:attachment":[{"href":"https:\/\/canitasveterinaria.com\/ca\/wp-json\/wp\/v2\/media?parent=16187"}],"curies":[{"name":"wp","href":"https:\/\/api.w.org\/{rel}","templated":true}]}}