{"id":16185,"date":"2025-10-29T23:15:59","date_gmt":"2025-10-29T22:15:59","guid":{"rendered":"https:\/\/canitasveterinaria.com\/medicina-preventiva-exotics\/"},"modified":"2026-03-11T12:42:43","modified_gmt":"2026-03-11T11:42:43","slug":"medicina-preventiva-exotics","status":"publish","type":"page","link":"https:\/\/canitasveterinaria.com\/ca\/medicina-preventiva-exotics\/","title":{"rendered":"Medicina preventiva ex\u00f2tics"},"content":{"rendered":"\t\t<div data-elementor-type=\"wp-page\" data-elementor-id=\"16185\" class=\"elementor elementor-16185 elementor-15060\" data-elementor-post-type=\"page\">\n\t\t\t\t        <section class=\"elementor-section elementor-top-section elementor-element elementor-element-7f8a6f4 elementor-section-boxed elementor-section-height-default elementor-section-height-default pxl-row-scroll-none pxl-zoom-point-false pxl-section-overflow-visible pxl-section-fix-none pxl-bg-color-none pxl-section-overlay-none\" data-id=\"7f8a6f4\" data-element_type=\"section\" data-e-type=\"section\">\n\n                \n                <div class=\"elementor-container elementor-column-gap-extended \">\n                <div class=\"elementor-column elementor-col-100 elementor-top-column elementor-element elementor-element-dd16058 pxl-column-none pxl-column-overflow-hidden-no\" data-id=\"dd16058\" data-element_type=\"column\" data-e-type=\"column\">\r\n        <div class=\"elementor-widget-wrap elementor-element-populated\">\r\n                     \r\n                <section class=\"elementor-section elementor-inner-section elementor-element elementor-element-68325b9 elementor-section-boxed elementor-section-height-default elementor-section-height-default pxl-row-scroll-none pxl-zoom-point-false pxl-section-overflow-visible pxl-section-fix-none pxl-bg-color-none pxl-section-overlay-none\" data-id=\"68325b9\" data-element_type=\"section\" data-e-type=\"section\">\n\n                \n                <div class=\"elementor-container elementor-column-gap-default \">\n                <div class=\"elementor-column elementor-col-100 elementor-inner-column elementor-element elementor-element-7941413 pxl-column-none pxl-column-overflow-hidden-no\" data-id=\"7941413\" data-element_type=\"column\" data-e-type=\"column\">\r\n        <div class=\"elementor-widget-wrap elementor-element-populated\">\r\n                     \r\n        \t\t<div class=\"elementor-element elementor-element-8b954da elementor-widget elementor-widget-pxl_heading\" data-id=\"8b954da\" data-element_type=\"widget\" data-e-type=\"widget\" data-widget_type=\"pxl_heading.default\">\n\t\t\t\t<div class=\"elementor-widget-container\">\n\t\t\t\t\t\n<div id=\"pxl-pxl_heading-8b954da-3052\" class=\"pxl-heading px-sub-title-shape5-style \">\n\t<div class=\"pxl-heading--inner\">\n\t\t\n\t\t<h3 class=\"pxl-item--title style-default highlight-default pxl-split-text split-in-fade\" data-wow-delay=\"200ms\">\n\n\t\t\t<span class=\"pxl-heading--text\">\n\n\t\t\t\t\t\t\t\t\tMEDICINA PREVENTIVA EX\u00d3TICOS\t\n\t\t\t\t\t\n\n\t\t\t<\/span>\n\t\t<\/h3>\n\t\t\t<\/div>\n<\/div>\t\t\t\t<\/div>\n\t\t\t\t<\/div>\n\t\t\t\t<div class=\"elementor-element elementor-element-a231b81 elementor-widget elementor-widget-pxl_text_editor\" data-id=\"a231b81\" data-element_type=\"widget\" data-e-type=\"widget\" data-widget_type=\"pxl_text_editor.default\">\n\t\t\t\t<div class=\"elementor-widget-container\">\n\t\t\t\t\t<div class=\"pxl-text-editor highlight-gradient\">\n\t<div class=\"pxl-item--inner wow fadeIn \" data-wow-delay=\"300ms\">\n\t\t<p>En Canitas somos especialistas en medicina veterinaria de animales ex\u00f3ticos.<br \/>Ofrecemos un completo programa de medicina preventiva adaptada a cada especie. Cuando decides tener un animal ex\u00f3tico como animal de compa\u00f1\u00eda y convertirlo en un miembro m\u00e1s de la familia, se convierte en obligatoria la visita al veterinario. Nuestro equipo de veterinarios especialistas en estos animalitos te dar\u00e1 asesoramiento sobre alimentaci\u00f3n, manejo y cuidados, asegurando una atenci\u00f3n integral para que crezcan sanos y felices.<\/p><p><strong>El servicio de medicina de animales ex\u00f3ticos ofrece:<\/strong><br \/>\u2022 Medicina preventiva: planes vacunales y desparasitaci\u00f3n seg\u00fan especie.<br \/>\u2022 Identificaci\u00f3n mediante microchip.<br \/>\u2022 Sexaje de aves.<br \/>\u2022 Asesoramiento nutricional, manejo y cuidados seg\u00fan especie.<br \/>\u2022 Pruebas laboratoriales.<br \/>\u2022 Pruebas de diagn\u00f3stico por imagen.<br \/>\u2022 Odontolog\u00eda: limpiezas bucales en hurones, limado dental en conejos, abscesos dentales.<br \/>\u2022 Cirug\u00edas.<br \/>\u2022 Hospitalizaci\u00f3n.<\/p><hr \/><h3>\u00a0<\/h3><h3><strong>CONEJO<\/strong><\/h3><p>Elaborado para que estos adorables animalitos gocen de una buena salud. Nuestros especialistas en animales ex\u00f3ticos te dar\u00e1n el mejor asesoramiento para que tu nuevo amigo crezca sano y feliz.<\/p><p><strong>PLAN VACUNAL<\/strong><br \/>Nuestro objetivo con la vacunaci\u00f3n es prevenir que nuestros pacientes peludos sufran de enfermedades que puedan afectar gravemente a su salud.<br \/><strong>El plan vacunal consiste en:<\/strong><br \/>\u2022 A partir de las 5 semanas de vida: Vacuna Enfermedad V\u00edrica Hemorr\u00e1gica + Mixomatosis.<br \/>\u2022 Revacunaci\u00f3n anual: Vacuna Enfermedad V\u00edrica Hemorr\u00e1gica + Mixomatosis.<br \/><strong>INCLUIDO EN CUOTA<\/strong><\/p><p><strong>PLAN DESPARASITACI\u00d3N<\/strong><br \/>Estos adorables y peque\u00f1os animalitos son portadores de par\u00e1sitos internos y externos que pueden transmitir a los humanos, por lo que la desparasitaci\u00f3n es necesaria no solo para proteger su salud, sino tambi\u00e9n la de quienes les rodean.<br \/><strong>El plan consiste en:<\/strong><br \/>\u2022 Desparasitaci\u00f3n interna: a partir de las 3-4 semanas de vida, 2-3 veces al a\u00f1o.<br \/>\u2022 Desparasitaci\u00f3n externa: mensual.<br \/>\u2022 Examen coprol\u00f3gico: 2-3 veces al a\u00f1o.<br \/><strong>INCLUIDO EN CUOTA<\/strong><\/p><p><strong>PLAN DE ESTERILIZACI\u00d3N \/ CASTRACI\u00d3N<\/strong><br \/>La esterilizaci\u00f3n o castraci\u00f3n es una intervenci\u00f3n quir\u00fargica rutinaria que se realiza para proteger la salud y el bienestar de estos animalitos. Se recomienda realizarla a los 4-6 meses de vida.<br \/><strong>Ventajas:<\/strong><br \/>\u2022 Evitaremos el comportamiento molesto del celo.<br \/>\u2022 Dejar\u00e1n de mostrarse territoriales y de marcar territorio.<br \/>\u2022 Previene el desarrollo de procesos tumorales.<br \/><strong>INCLUIDO EN CUOTA<\/strong><\/p><p><strong>PLAN NUTRICI\u00d3N<\/strong><br \/>La alimentaci\u00f3n de los conejos juega un papel muy importante en su estado de salud, ya que si no es la adecuada puede causarles problemas.<br \/><strong>El plan consiste en:<\/strong><br \/>\u2022 Asesoramiento nutricional por el equipo de veterinarios especialistas en animales ex\u00f3ticos.<br \/><strong>INCLUIDO EN CUOTA<\/strong><\/p><p><strong>REVISIONES<\/strong><br \/>Las revisiones se convierten en la mejor medida de prevenci\u00f3n para proteger la salud y aumentar la calidad de vida de nuestra mascota.<br \/><strong>En cada revisi\u00f3n valoramos:<\/strong><br \/>\u2022 Examen f\u00edsico completo.<br \/>\u2022 Recordatorio del plan vacunal y de la desparasitaci\u00f3n.<br \/>\u2022 Control de peso.<br \/>\u2022 Revisi\u00f3n bucal: muy importante, ya que los dientes de los conejos no paran de crecer y su sobrecrecimiento puede causar enfermedades dentales, por lo que hay que estar atentos a su cuidado dental.<br \/><strong>INCLUIDO EN CUOTA<\/strong><\/p><hr \/><h3>\u00a0<\/h3><h3><strong>HURONES<\/strong><\/h3><p>Este plan est\u00e1 elaborado para darles asistencia integral, cubriendo todas sus necesidades a lo largo de su vida para que crezcan sanos y fuertes dentro del entorno familiar.<\/p><p><strong>PLAN VACUNAL<\/strong><br \/>La vacunaci\u00f3n en los hurones es necesaria para prevenir enfermedades infecciosas que afectan a estos mam\u00edferos ex\u00f3ticos.<br \/><strong>El plan vacunal consiste en:<\/strong><br \/>\u2022 1\u00aa dosis vacuna de moquillo: 1,5 &#8211; 2 meses.<br \/>\u2022 2\u00aa dosis vacuna de moquillo: 2,5 &#8211; 3 meses.<br \/>\u2022 3\u00aa dosis vacuna de moquillo: 4 meses.<br \/>\u2022 Microchip y 1\u00aa dosis vacuna de rabia: 4 &#8211; 6 meses.<br \/>\u2022 2\u00aa dosis vacuna de rabia: a los 21 d\u00edas de la primera dosis.<br \/>\u2022 Revacunaci\u00f3n anual: vacuna de moquillo y vacuna de rabia.<br \/><strong>INCLUIDO EN CUOTA<\/strong><\/p><p><strong>PLAN DESPARASITACI\u00d3N<\/strong><br \/>Los hurones son mam\u00edferos dom\u00e9sticos con predisposici\u00f3n a padecer parasitosis internas y externas, por lo que es fundamental la desparasitaci\u00f3n siguiendo las pautas recomendadas por el veterinario especialista en animales ex\u00f3ticos, adaptadas a su etapa vital para proteger su salud y la de quienes les rodean.<br \/><strong>El plan consiste en:<\/strong><br \/>\u2022 Desparasitaci\u00f3n interna: cada tres meses.<br \/>\u2022 Desparasitaci\u00f3n externa: frecuencia seg\u00fan criterio veterinario.<br \/>\u2022 Examen coprol\u00f3gico.<br \/><strong>INCLUIDO EN CUOTA<\/strong><\/p><p><strong>PLAN DE ESTERILIZACI\u00d3N \/ CASTRACI\u00d3N<\/strong><br \/>No debe realizarse nunca antes de los 12 meses de vida debido a la peculiaridad de estos animalitos. Nuestros especialistas en animales ex\u00f3ticos te informar\u00e1n de los beneficios de castrar a los hurones, as\u00ed como de los m\u00e9todos para llevar a cabo dicha castraci\u00f3n.<br \/><strong>INCLUIDO EN CUOTA<\/strong><\/p><p><strong>PLAN NUTRICI\u00d3N<\/strong><br \/>Si has decidido tener un hur\u00f3n como animal de compa\u00f1\u00eda, debes saber que necesitan una alimentaci\u00f3n con alto contenido de prote\u00edna animal y grasas, y bajo contenido en carbohidratos. Nuestros especialistas en medicina de ex\u00f3ticos te asesorar\u00e1n de forma personalizada sobre la dieta adecuada seg\u00fan su condici\u00f3n corporal y estilo de vida.<br \/><strong>El plan consiste en:<\/strong><br \/>\u2022 Asesoramiento nutricional personalizado.<br \/>\u2022 Control del crecimiento y peso.<br \/><strong>INCLUIDO EN CUOTA<\/strong><\/p><p><strong>REVISIONES<\/strong><br \/>Como cualquier mascota, los hurones deben tener revisiones peri\u00f3dicas para mantenerlos sanos y felices.<br \/><strong>En cada revisi\u00f3n valoramos:<\/strong><br \/>\u2022 Examen f\u00edsico completo.<br \/>\u2022 Recordatorio del plan vacunal y la desparasitaci\u00f3n.<br \/>\u2022 Revisi\u00f3n bucodental.<br \/>\u2022 Control de crecimiento y peso.<br \/>\u2022 Anal\u00edtica sangu\u00ednea completa si el veterinario lo considera necesario.<br \/><strong>INCLUIDO EN CUOTA<\/strong><\/p><p>Informaci\u00f3n actualizada 09\/03\/2026<\/p>\t\t\n\t<\/div>\n<\/div>\t\t\t\t<\/div>\n\t\t\t\t<\/div>\n\t\t\t\t<div class=\"elementor-element elementor-element-e58c761 elementor-align-center elementor-widget elementor-widget-pxl_button\" data-id=\"e58c761\" data-element_type=\"widget\" data-e-type=\"widget\" data-widget_type=\"pxl_button.default\">\n\t\t\t\t<div class=\"elementor-widget-container\">\n\t\t\t\t\t<div id=\"pxl-pxl_button-e58c761-9912\" class=\"pxl-button pxl-atc-link \" data-wow-delay=\"ms\">\r\n    <a href=\"https:\/\/canitasveterinaria.com\/medicina-general-y-preventiva\/\" class=\"btn pxl-icon-active btn-block-inline  btn-default pxl-icon--left\">\r\n                <span class=\"pxl--btn-text\" data-text=\"VOLVER\">\r\n            VOLVER            <span class=\"pxl-button--subtitle pxl-empty\"><\/span>       \r\n        <\/span>\r\n\r\n    <\/a>\r\n<\/div>\r\n\t\t\t\t<\/div>\n\t\t\t\t<\/div>\n\t\t            <\/div>\r\n        <\/div>\r\n        \t\t\t<\/div>\n\t\t<\/section>\n\t\t            <\/div>\r\n        <\/div>\r\n        \t\t\t<\/div>\n\t\t<\/section>\n\t\t\t\t<\/div>\n\t\t","protected":false},"excerpt":{"rendered":"<p>MEDICINA PREVENTIVA EX\u00d3TICOS En Canitas somos especialistas en medicina veterinaria de animales ex\u00f3ticos.Ofrecemos un completo programa de medicina preventiva adaptada a cada especie. Cuando decides tener un animal ex\u00f3tico como animal de compa\u00f1\u00eda y convertirlo en un miembro m\u00e1s de la familia, se convierte en obligatoria la visita al veterinario. Nuestro equipo de veterinarios especialistas [&hellip;]<\/p>\n","protected":false},"author":5,"featured_media":0,"parent":0,"menu_order":0,"comment_status":"closed","ping_status":"closed","template":"","meta":{"footnotes":""},"class_list":["post-16185","page","type-page","status-publish","hentry"],"yoast_head":"<!-- This site is optimized with the Yoast SEO plugin v27.2 - https:\/\/yoast.com\/product\/yoast-seo-wordpress\/ -->\n<title>Medicina preventiva ex\u00f2tics - Canitas Veterinaria<\/title>\n<meta name=\"description\" content=\"El prop\u00f2sit de Canitas \u00e9s tenir cura de la salut de la teva mascota i mantenir-te informat en tot moment de tot all\u00f2 que l&#039;afecti\" \/>\n<meta name=\"robots\" content=\"index, follow, max-snippet:-1, max-image-preview:large, max-video-preview:-1\" \/>\n<link rel=\"canonical\" href=\"https:\/\/canitasveterinaria.com\/ca\/medicina-preventiva-exotics\/\" \/>\n<meta property=\"og:locale\" content=\"ca_ES\" \/>\n<meta property=\"og:type\" content=\"article\" \/>\n<meta property=\"og:title\" content=\"Medicina preventiva ex\u00f2tics - Canitas Veterinaria\" \/>\n<meta property=\"og:description\" content=\"El prop\u00f2sit de Canitas \u00e9s tenir cura de la salut de la teva mascota i mantenir-te informat en tot moment de tot all\u00f2 que l&#039;afecti\" \/>\n<meta property=\"og:url\" content=\"https:\/\/canitasveterinaria.com\/ca\/medicina-preventiva-exotics\/\" \/>\n<meta property=\"og:site_name\" content=\"Canitas Veterinaria\" \/>\n<meta property=\"article:publisher\" content=\"https:\/\/www.facebook.com\/canitasveterinaria\/\" \/>\n<meta property=\"article:modified_time\" content=\"2026-03-11T11:42:43+00:00\" \/>\n<meta name=\"twitter:card\" content=\"summary_large_image\" \/>\n<meta name=\"twitter:site\" content=\"@canitasvt\" \/>\n<meta name=\"twitter:label1\" content=\"Temps estimat de lectura\" \/>\n\t<meta name=\"twitter:data1\" content=\"4 minuts\" \/>\n<!-- \/ Yoast SEO plugin. -->","yoast_head_json":{"title":"Medicina preventiva ex\u00f2tics - Canitas Veterinaria","description":"El prop\u00f2sit de Canitas \u00e9s tenir cura de la salut de la teva mascota i mantenir-te informat en tot moment de tot all\u00f2 que l'afecti","robots":{"index":"index","follow":"follow","max-snippet":"max-snippet:-1","max-image-preview":"max-image-preview:large","max-video-preview":"max-video-preview:-1"},"canonical":"https:\/\/canitasveterinaria.com\/ca\/medicina-preventiva-exotics\/","og_locale":"ca_ES","og_type":"article","og_title":"Medicina preventiva ex\u00f2tics - Canitas Veterinaria","og_description":"El prop\u00f2sit de Canitas \u00e9s tenir cura de la salut de la teva mascota i mantenir-te informat en tot moment de tot all\u00f2 que l'afecti","og_url":"https:\/\/canitasveterinaria.com\/ca\/medicina-preventiva-exotics\/","og_site_name":"Canitas Veterinaria","article_publisher":"https:\/\/www.facebook.com\/canitasveterinaria\/","article_modified_time":"2026-03-11T11:42:43+00:00","twitter_card":"summary_large_image","twitter_site":"@canitasvt","twitter_misc":{"Temps estimat de lectura":"4 minuts"},"schema":{"@context":"https:\/\/schema.org","@graph":[{"@type":"WebPage","@id":"https:\/\/canitasveterinaria.com\/ca\/medicina-preventiva-exotics\/","url":"https:\/\/canitasveterinaria.com\/ca\/medicina-preventiva-exotics\/","name":"Medicina preventiva ex\u00f2tics - Canitas Veterinaria","isPartOf":{"@id":"https:\/\/canitasveterinaria.com\/ca\/#website"},"datePublished":"2025-10-29T22:15:59+00:00","dateModified":"2026-03-11T11:42:43+00:00","description":"El prop\u00f2sit de Canitas \u00e9s tenir cura de la salut de la teva mascota i mantenir-te informat en tot moment de tot all\u00f2 que l'afecti","breadcrumb":{"@id":"https:\/\/canitasveterinaria.com\/ca\/medicina-preventiva-exotics\/#breadcrumb"},"inLanguage":"ca","potentialAction":[{"@type":"ReadAction","target":["https:\/\/canitasveterinaria.com\/ca\/medicina-preventiva-exotics\/"]}]},{"@type":"BreadcrumbList","@id":"https:\/\/canitasveterinaria.com\/ca\/medicina-preventiva-exotics\/#breadcrumb","itemListElement":[{"@type":"ListItem","position":1,"name":"Portada","item":"https:\/\/canitasveterinaria.com\/ca\/"},{"@type":"ListItem","position":2,"name":"Medicina preventiva ex\u00f2tics"}]},{"@type":"WebSite","@id":"https:\/\/canitasveterinaria.com\/ca\/#website","url":"https:\/\/canitasveterinaria.com\/ca\/","name":"Canitas Veterinaria","description":"La seguretat social de la teva mascota","publisher":{"@id":"https:\/\/canitasveterinaria.com\/ca\/#organization"},"potentialAction":[{"@type":"SearchAction","target":{"@type":"EntryPoint","urlTemplate":"https:\/\/canitasveterinaria.com\/ca\/?s={search_term_string}"},"query-input":{"@type":"PropertyValueSpecification","valueRequired":true,"valueName":"search_term_string"}}],"inLanguage":"ca"},{"@type":"Organization","@id":"https:\/\/canitasveterinaria.com\/ca\/#organization","name":"Canitas Veterinaria","url":"https:\/\/canitasveterinaria.com\/ca\/","logo":{"@type":"ImageObject","inLanguage":"ca","@id":"https:\/\/canitasveterinaria.com\/ca\/#\/schema\/logo\/image\/","url":"https:\/\/canitasveterinaria.com\/wp-content\/uploads\/2025\/10\/cropped-favicon-canitas.png","contentUrl":"https:\/\/canitasveterinaria.com\/wp-content\/uploads\/2025\/10\/cropped-favicon-canitas.png","width":512,"height":512,"caption":"Canitas Veterinaria"},"image":{"@id":"https:\/\/canitasveterinaria.com\/ca\/#\/schema\/logo\/image\/"},"sameAs":["https:\/\/www.facebook.com\/canitasveterinaria\/","https:\/\/x.com\/canitasvt","https:\/\/www.instagram.com\/canitasveterinaria\/","https:\/\/www.youtube.com\/@Canitas_Veterinaria"]}]}},"_links":{"self":[{"href":"https:\/\/canitasveterinaria.com\/ca\/wp-json\/wp\/v2\/pages\/16185","targetHints":{"allow":["GET"]}}],"collection":[{"href":"https:\/\/canitasveterinaria.com\/ca\/wp-json\/wp\/v2\/pages"}],"about":[{"href":"https:\/\/canitasveterinaria.com\/ca\/wp-json\/wp\/v2\/types\/page"}],"author":[{"embeddable":true,"href":"https:\/\/canitasveterinaria.com\/ca\/wp-json\/wp\/v2\/users\/5"}],"replies":[{"embeddable":true,"href":"https:\/\/canitasveterinaria.com\/ca\/wp-json\/wp\/v2\/comments?post=16185"}],"version-history":[{"count":4,"href":"https:\/\/canitasveterinaria.com\/ca\/wp-json\/wp\/v2\/pages\/16185\/revisions"}],"predecessor-version":[{"id":17858,"href":"https:\/\/canitasveterinaria.com\/ca\/wp-json\/wp\/v2\/pages\/16185\/revisions\/17858"}],"wp:attachment":[{"href":"https:\/\/canitasveterinaria.com\/ca\/wp-json\/wp\/v2\/media?parent=16185"}],"curies":[{"name":"wp","href":"https:\/\/api.w.org\/{rel}","templated":true}]}}